{"id":64,"date":"2025-03-21T08:52:04","date_gmt":"2025-03-21T08:52:04","guid":{"rendered":"https:\/\/shabdyoga.eu\/?page_id=64"},"modified":"2025-07-22T07:09:20","modified_gmt":"2025-07-22T07:09:20","slug":"kontakt","status":"publish","type":"page","link":"https:\/\/shabdyoga.eu\/hu\/kontakt\/","title":{"rendered":"L\u00e9pj kapcsolatba vel\u00fcnk!"},"content":{"rendered":"\n<p><\/p>\n\n\n\n\n\n\n<div class='fluentform ff-default fluentform_wrapper_4 ffs_default_wrap'><form data-form_id=\"4\" id=\"fluentform_4\" class=\"frm-fluent-form fluent_form_4 ff-el-form-top ff_form_instance_4_1 ff-form-loading ffs_default\" data-form_instance=\"ff_form_instance_4_1\" method=\"POST\" ><fieldset  style=\"border: none!important;margin: 0!important;padding: 0!important;background-color: transparent!important;box-shadow: none!important;outline: none!important; min-inline-size: 100%;\">\n                    <legend class=\"ff_screen_reader_title\" style=\"display: block; margin: 0!important;padding: 0!important;height: 0!important;text-indent: -999999px;width: 0!important;overflow:hidden;\">Contact Form (hu)<\/legend><input type='hidden' name='__fluent_form_embded_post_id' value='64' \/><input type=\"hidden\" id=\"_fluentform_4_fluentformnonce\" name=\"_fluentform_4_fluentformnonce\" value=\"d76a8caf67\" \/><input type=\"hidden\" name=\"_wp_http_referer\" value=\"\/hu\/wp-json\/wp\/v2\/pages\/64\" \/><div data-type=\"name-element\" data-name=\"names\" class=\" ff-field_container ff-name-field-wrapper\" ><div class='ff-t-container'><div class='ff-t-cell '><div class='ff-el-group'><div class=\"ff-el-input--label asterisk-right\"><label for='ff_4_names_first_name_' id='label_ff_4_names_first_name_' >Keresztn\u00e9v<\/label><\/div><div class='ff-el-input--content'><input type=\"text\" name=\"names[first_name]\" id=\"ff_4_names_first_name_\" class=\"ff-el-form-control\" placeholder=\"Keresztn\u00e9v\" aria-invalid=\"false\" aria-required=false><\/div><\/div><\/div><div class='ff-t-cell '><div class='ff-el-group'><div class=\"ff-el-input--label asterisk-right\"><label for='ff_4_names_last_name_' id='label_ff_4_names_last_name_' >Vezet\u00e9kn\u00e9v<\/label><\/div><div class='ff-el-input--content'><input type=\"text\" name=\"names[last_name]\" id=\"ff_4_names_last_name_\" class=\"ff-el-form-control\" placeholder=\"Vezet\u00e9kn\u00e9v\" aria-invalid=\"false\" aria-required=false><\/div><\/div><\/div><\/div><\/div><div class='ff-el-group'><div class=\"ff-el-input--label ff-el-is-required asterisk-right\"><label for='ff_4_email' id='label_ff_4_email' aria-label=\"E-mail\">E-mail<\/label><\/div><div class='ff-el-input--content'><input type=\"email\" name=\"email\" id=\"ff_4_email\" class=\"ff-el-form-control\" placeholder=\"E-mail c\u00edm\" data-name=\"email\"  aria-invalid=\"false\" aria-required=true><\/div><\/div><div class='ff-el-group'><div class=\"ff-el-input--label ff-el-is-required asterisk-right\"><label for='ff_4_message' id='label_ff_4_message' aria-label=\"Az \u00d6n \u00fczenete\">Az \u00d6n \u00fczenete<\/label><\/div><div class='ff-el-input--content'><textarea aria-required=\"true\" aria-labelledby=\"label_ff_4_message\" name=\"message\" id=\"ff_4_message\" class=\"ff-el-form-control\" placeholder=\"Az \u00d6n \u00fczenete\" rows=\"4\" cols=\"2\" data-name=\"message\" ><\/textarea><\/div><\/div><div class='ff-el-group ff-text-left ff_submit_btn_wrapper'><button type=\"submit\" class=\"ff-btn ff-btn-submit ff-btn-lg ff_btn_style wpf_has_custom_css\"  aria-label=\"\u00dczenet k\u00fcld\u00e9se\">\u00dczenet k\u00fcld\u00e9se<\/button><\/div><\/fieldset><\/form><div id='fluentform_4_errors' class='ff-errors-in-stack ff_form_instance_4_1 ff-form-loading_errors ff_form_instance_4_1_errors'><\/div><\/div>            <script type=\"text\/javascript\">\n                window.fluent_form_ff_form_instance_4_1 = {\"id\":\"4\",\"ajaxUrl\":\"https:\\\/\\\/shabdyoga.eu\\\/wp-admin\\\/admin-ajax.php\",\"settings\":{\"layout\":{\"labelPlacement\":\"top\",\"helpMessagePlacement\":\"with_label\",\"errorMessagePlacement\":\"inline\",\"cssClassName\":\"\",\"asteriskPlacement\":\"asterisk-right\"},\"restrictions\":{\"denyEmptySubmission\":{\"enabled\":false}}},\"form_instance\":\"ff_form_instance_4_1\",\"form_id_selector\":\"fluentform_4\",\"rules\":{\"names[first_name]\":{\"required\":{\"value\":false,\"message\":\"This field is required\",\"global\":false,\"global_message\":\"This field is required\"}},\"names[middle_name]\":{\"required\":{\"value\":false,\"message\":\"This field is required\",\"global\":false,\"global_message\":\"This field is required\"}},\"names[last_name]\":{\"required\":{\"value\":false,\"message\":\"This field is required\",\"global\":false,\"global_message\":\"This field is required\"}},\"email\":{\"required\":{\"value\":true,\"message\":\"Ez a mez\\u0151 k\\u00f6telez\\u0151\",\"global\":false,\"global_message\":\"This field is required\"},\"email\":{\"value\":true,\"message\":\"Ennek a mez\\u0151nek \\u00e9rv\\u00e9nyes e-mail c\\u00edmet kell tartalmaznia\",\"global\":false,\"global_message\":\"This field must contain a valid email\"}},\"message\":{\"required\":{\"value\":true,\"message\":\"Ez a mez\\u0151 k\\u00f6telez\\u0151\",\"global\":false,\"global_message\":\"This field is required\"}}},\"debounce_time\":300};\n                            <\/script>\n            \n","protected":false},"excerpt":{"rendered":"","protected":false},"author":1,"featured_media":0,"parent":0,"menu_order":0,"comment_status":"closed","ping_status":"closed","template":"","meta":{"footnotes":""},"class_list":["post-64","page","type-page","status-publish","hentry"],"yoast_head":"<!-- This site is optimized with the Yoast SEO plugin v27.4 - https:\/\/yoast.com\/product\/yoast-seo-wordpress\/ -->\n<title>Kontaktiere Uns - shabdyoga.eu<\/title>\n<meta name=\"robots\" content=\"index, follow, max-snippet:-1, max-image-preview:large, max-video-preview:-1\" \/>\n<link rel=\"canonical\" href=\"https:\/\/shabdyoga.eu\/hu\/kontakt\/\" \/>\n<meta property=\"og:locale\" content=\"hu_HU\" \/>\n<meta property=\"og:type\" content=\"article\" \/>\n<meta property=\"og:title\" content=\"Kontaktiere Uns - shabdyoga.eu\" \/>\n<meta property=\"og:url\" content=\"https:\/\/shabdyoga.eu\/hu\/kontakt\/\" \/>\n<meta property=\"og:site_name\" content=\"shabdyoga.eu\" \/>\n<meta property=\"article:modified_time\" content=\"2025-07-22T07:09:20+00:00\" \/>\n<meta name=\"twitter:card\" content=\"summary_large_image\" \/>\n<meta name=\"twitter:label1\" content=\"Becs\u00fclt olvas\u00e1si id\u0151\" \/>\n\t<meta name=\"twitter:data1\" content=\"1 perc\" \/>\n<script type=\"application\/ld+json\" class=\"yoast-schema-graph\">{\"@context\":\"https:\\\/\\\/schema.org\",\"@graph\":[{\"@type\":\"WebPage\",\"@id\":\"https:\\\/\\\/shabdyoga.eu\\\/kontakt\\\/\",\"url\":\"https:\\\/\\\/shabdyoga.eu\\\/kontakt\\\/\",\"name\":\"Kontaktiere Uns - shabdyoga.eu\",\"isPartOf\":{\"@id\":\"https:\\\/\\\/shabdyoga.eu\\\/#website\"},\"datePublished\":\"2025-03-21T08:52:04+00:00\",\"dateModified\":\"2025-07-22T07:09:20+00:00\",\"breadcrumb\":{\"@id\":\"https:\\\/\\\/shabdyoga.eu\\\/kontakt\\\/#breadcrumb\"},\"inLanguage\":\"hu\",\"potentialAction\":[{\"@type\":\"ReadAction\",\"target\":[\"https:\\\/\\\/shabdyoga.eu\\\/kontakt\\\/\"]}]},{\"@type\":\"BreadcrumbList\",\"@id\":\"https:\\\/\\\/shabdyoga.eu\\\/kontakt\\\/#breadcrumb\",\"itemListElement\":[{\"@type\":\"ListItem\",\"position\":1,\"name\":\"Home\",\"item\":\"https:\\\/\\\/shabdyoga.eu\\\/\"},{\"@type\":\"ListItem\",\"position\":2,\"name\":\"Kontaktiere Uns\"}]},{\"@type\":\"WebSite\",\"@id\":\"https:\\\/\\\/shabdyoga.eu\\\/#website\",\"url\":\"https:\\\/\\\/shabdyoga.eu\\\/\",\"name\":\"shabdyoga.eu\",\"description\":\"Shabd Yoga is an ancient meditation practice for finding inner peace &amp; connecting to your true self\",\"publisher\":{\"@id\":\"https:\\\/\\\/shabdyoga.eu\\\/#organization\"},\"potentialAction\":[{\"@type\":\"SearchAction\",\"target\":{\"@type\":\"EntryPoint\",\"urlTemplate\":\"https:\\\/\\\/shabdyoga.eu\\\/?s={search_term_string}\"},\"query-input\":{\"@type\":\"PropertyValueSpecification\",\"valueRequired\":true,\"valueName\":\"search_term_string\"}}],\"inLanguage\":\"hu\"},{\"@type\":\"Organization\",\"@id\":\"https:\\\/\\\/shabdyoga.eu\\\/#organization\",\"name\":\"shabdyoga.eu\",\"url\":\"https:\\\/\\\/shabdyoga.eu\\\/\",\"logo\":{\"@type\":\"ImageObject\",\"inLanguage\":\"hu\",\"@id\":\"https:\\\/\\\/shabdyoga.eu\\\/#\\\/schema\\\/logo\\\/image\\\/\",\"url\":\"https:\\\/\\\/shabdyoga.eu\\\/wp-content\\\/uploads\\\/2025\\\/03\\\/web_LOGO-for-white-background_transparency.png\",\"contentUrl\":\"https:\\\/\\\/shabdyoga.eu\\\/wp-content\\\/uploads\\\/2025\\\/03\\\/web_LOGO-for-white-background_transparency.png\",\"width\":3715,\"height\":980,\"caption\":\"shabdyoga.eu\"},\"image\":{\"@id\":\"https:\\\/\\\/shabdyoga.eu\\\/#\\\/schema\\\/logo\\\/image\\\/\"}}]}<\/script>\n<!-- \/ Yoast SEO plugin. -->","yoast_head_json":{"title":"Kontaktiere Uns - shabdyoga.eu","robots":{"index":"index","follow":"follow","max-snippet":"max-snippet:-1","max-image-preview":"max-image-preview:large","max-video-preview":"max-video-preview:-1"},"canonical":"https:\/\/shabdyoga.eu\/hu\/kontakt\/","og_locale":"hu_HU","og_type":"article","og_title":"Kontaktiere Uns - shabdyoga.eu","og_url":"https:\/\/shabdyoga.eu\/hu\/kontakt\/","og_site_name":"shabdyoga.eu","article_modified_time":"2025-07-22T07:09:20+00:00","twitter_card":"summary_large_image","twitter_misc":{"Becs\u00fclt olvas\u00e1si id\u0151":"1 perc"},"schema":{"@context":"https:\/\/schema.org","@graph":[{"@type":"WebPage","@id":"https:\/\/shabdyoga.eu\/kontakt\/","url":"https:\/\/shabdyoga.eu\/kontakt\/","name":"Kontaktiere Uns - shabdyoga.eu","isPartOf":{"@id":"https:\/\/shabdyoga.eu\/#website"},"datePublished":"2025-03-21T08:52:04+00:00","dateModified":"2025-07-22T07:09:20+00:00","breadcrumb":{"@id":"https:\/\/shabdyoga.eu\/kontakt\/#breadcrumb"},"inLanguage":"hu","potentialAction":[{"@type":"ReadAction","target":["https:\/\/shabdyoga.eu\/kontakt\/"]}]},{"@type":"BreadcrumbList","@id":"https:\/\/shabdyoga.eu\/kontakt\/#breadcrumb","itemListElement":[{"@type":"ListItem","position":1,"name":"Home","item":"https:\/\/shabdyoga.eu\/"},{"@type":"ListItem","position":2,"name":"Kontaktiere Uns"}]},{"@type":"WebSite","@id":"https:\/\/shabdyoga.eu\/#website","url":"https:\/\/shabdyoga.eu\/","name":"shabdyoga.eu","description":"A Shabd J\u00f3ga egy \u0151si medit\u00e1ci\u00f3s gyakorlat, amely k\u00f6zvetlen kapcsolatot teremt a bels\u0151 f\u00e9nyeddel \u00e9s hangoddal (amit Shabd-nak neveznek).","publisher":{"@id":"https:\/\/shabdyoga.eu\/#organization"},"potentialAction":[{"@type":"SearchAction","target":{"@type":"EntryPoint","urlTemplate":"https:\/\/shabdyoga.eu\/?s={search_term_string}"},"query-input":{"@type":"PropertyValueSpecification","valueRequired":true,"valueName":"search_term_string"}}],"inLanguage":"hu"},{"@type":"Organization","@id":"https:\/\/shabdyoga.eu\/#organization","name":"shabdyoga.eu","url":"https:\/\/shabdyoga.eu\/","logo":{"@type":"ImageObject","inLanguage":"hu","@id":"https:\/\/shabdyoga.eu\/#\/schema\/logo\/image\/","url":"https:\/\/shabdyoga.eu\/wp-content\/uploads\/2025\/03\/web_LOGO-for-white-background_transparency.png","contentUrl":"https:\/\/shabdyoga.eu\/wp-content\/uploads\/2025\/03\/web_LOGO-for-white-background_transparency.png","width":3715,"height":980,"caption":"shabdyoga.eu"},"image":{"@id":"https:\/\/shabdyoga.eu\/#\/schema\/logo\/image\/"}}]}},"_links":{"self":[{"href":"https:\/\/shabdyoga.eu\/hu\/wp-json\/wp\/v2\/pages\/64","targetHints":{"allow":["GET"]}}],"collection":[{"href":"https:\/\/shabdyoga.eu\/hu\/wp-json\/wp\/v2\/pages"}],"about":[{"href":"https:\/\/shabdyoga.eu\/hu\/wp-json\/wp\/v2\/types\/page"}],"author":[{"embeddable":true,"href":"https:\/\/shabdyoga.eu\/hu\/wp-json\/wp\/v2\/users\/1"}],"replies":[{"embeddable":true,"href":"https:\/\/shabdyoga.eu\/hu\/wp-json\/wp\/v2\/comments?post=64"}],"version-history":[{"count":23,"href":"https:\/\/shabdyoga.eu\/hu\/wp-json\/wp\/v2\/pages\/64\/revisions"}],"predecessor-version":[{"id":652,"href":"https:\/\/shabdyoga.eu\/hu\/wp-json\/wp\/v2\/pages\/64\/revisions\/652"}],"wp:attachment":[{"href":"https:\/\/shabdyoga.eu\/hu\/wp-json\/wp\/v2\/media?parent=64"}],"curies":[{"name":"wp","href":"https:\/\/api.w.org\/{rel}","templated":true}]}}