{"id":60,"date":"2025-03-21T15:05:53","date_gmt":"2025-03-21T15:05:53","guid":{"rendered":"https:\/\/shabdyoga.eu\/?page_id=60"},"modified":"2026-01-23T12:21:38","modified_gmt":"2026-01-23T12:21:38","slug":"shabd-yoga","status":"publish","type":"page","link":"https:\/\/shabdyoga.eu\/hu\/","title":{"rendered":"Shabd Yoga"},"content":{"rendered":"<h1 class=\"wp-block-heading\">Shabd Yoga<\/h1>\n\n\n\n<h2 class=\"wp-block-heading\">Die Meditation auf das Innere Licht und den inneren Klang \u2013 Sant Khem Singh<\/h2>\n\n\n\n<div class=\"wp-block-group has-global-padding is-layout-constrained wp-block-group-is-layout-constrained\">\n\n\n\n\n<figure class=\"wp-block-embed is-type-video is-provider-vimeo wp-block-embed-vimeo wp-embed-aspect-16-9 wp-has-aspect-ratio\"><div class=\"wp-block-embed__wrapper\">\n<iframe loading=\"lazy\" title=\"Shabd Yoga \u2013 Bels\u0151 F\u00e9ny \u00e9s Hang medit\u00e1ci\u00f3\" src=\"https:\/\/player.vimeo.com\/video\/1105433399?dnt=1&amp;app_id=122963\" width=\"500\" height=\"281\" frameborder=\"0\" allow=\"autoplay; fullscreen; picture-in-picture; clipboard-write; encrypted-media; web-share\" referrerpolicy=\"strict-origin-when-cross-origin\"><\/iframe>\n<\/div><\/figure>\n\n\n\n<p>Durch \u201cShabd Yoga\u201d wird die Verbindung der Seele mit ihrem g\u00f6ttlichen Ursprung durch den inneren Klang, Shabd genannt, neu belebt.<br><br>Shabd Yoga ist eine Form der Meditation, die dir erm\u00f6glicht, eine direkte Verbindung zu deinem &#8211; tats\u00e4chlich seh- bzw. h\u00f6rbarem &#8211; inneren Licht und Klang herzustellen. Shabd steht f\u00fcr den universellen und unendlichen Strom, der in jedem von uns schwingt. Diese sch\u00f6pferische Kraft ist der Ursprung allen Seins und wirkt in allem, was existiert. In der Meditation kannst du diese tiefgreifende Verbundenheit selbst erleben.<\/p>\n<\/div>\n\n\n\n<div class=\"wp-block-group has-global-padding is-layout-constrained wp-block-group-is-layout-constrained\" style=\"margin-top:var(--wp--preset--spacing--60);margin-bottom:var(--wp--preset--spacing--60)\">\n<h2 class=\"wp-block-heading\">Was macht Shabd Yoga so einzigartig?<\/h2>\n\n\n\n<p><strong>Es basiert nicht auf Annahmen oder Glauben, sondern auf direkter pers\u00f6nlicher Erfahrung, die du selbst \u00fcberpr\u00fcfen kannst.<\/strong><\/p>\n\n\n\n<p>Die regelm\u00e4\u00dfige Praxis der Shabd Yoga Meditation bringt nicht nur innere Erfahrungen und inneren Frieden, sondern hilft auch, den Herausforderungen des Alltags mit mehr Gelassenheit zu begegnen.<\/p>\n\n\n\n<p>Nutze die Gelegenheit, das Licht und den Klang in dir zu entdecken.<\/p>\n<\/div>\n\n\n\n<div class=\"wp-block-group has-global-padding is-layout-constrained wp-block-group-is-layout-constrained\" style=\"margin-top:var(--wp--preset--spacing--60);margin-bottom:var(--wp--preset--spacing--60)\">\n<h2 class=\"wp-block-heading\">Alles, was du brauchst, ist der Wunsch nach einer positiven Ver\u00e4nderung<\/h2>\n\n\n\n<p>Shabd Yoga wird v\u00f6llig kostenfrei vermittelt und erfordert weder besondere F\u00e4higkeiten noch Kenntnisse.&nbsp;&nbsp;<\/p>\n<\/div>\n\n\n\n<div class=\"wp-block-group has-global-padding is-layout-constrained wp-block-group-is-layout-constrained\" style=\"margin-top:var(--wp--preset--spacing--60);margin-bottom:var(--wp--preset--spacing--60)\">\n<h2 class=\"wp-block-heading\">Anleitung durch einen spirituellen Meister<\/h2>\n\n\n\n<p>Das Mysterium des Lebens wird von einem Meister zum n\u00e4chsten weitergegeben.<br><\/p>\n\n\n\n<p>Sant Khem Singh, der gegenw\u00e4rtige Meister dieser Tradition, erm\u00f6glicht allen die es w\u00fcnschen eine erfahrbare Verbindung zum inneren Licht und Klang \u2013 und so kann auch deine innere spirituelle Reise beginnen.<\/p>\n<\/div>\n\n\n\n<div class=\"wp-block-group has-global-padding is-layout-constrained wp-block-group-is-layout-constrained\" style=\"margin-top:var(--wp--preset--spacing--80);margin-bottom:var(--wp--preset--spacing--80)\">\n<h2 class=\"wp-block-heading\">K\u00e9rd\u00e9seid vannak?<\/h2>\n\n\n\n<p>Hast du Fragen oder m\u00f6chtest du mehr \u00fcber Shabd Yoga erfahren?<\/p>\n\n\n\n<div class=\"wp-block-buttons is-content-justification-center is-layout-flex wp-container-core-buttons-is-layout-d234f690 wp-block-buttons-is-layout-flex\" style=\"margin-top:var(--wp--preset--spacing--50);margin-bottom:var(--wp--preset--spacing--50)\">\n<div class=\"wp-block-button is-style-fill\"><a class=\"wp-block-button__link has-background wp-element-button\" href=\"\/hu\/kontakt\/\" style=\"background-color:#e0ae5e\">L\u00e9pj kapcsolatba vel\u00fcnk!<\/a><\/div>\n<\/div>\n<\/div>","protected":false},"excerpt":{"rendered":"<p>Shabd Yoga Die Meditation auf das Innere Licht und den inneren Klang \u2013 Sant Khem Singh Durch \u201cShabd Yoga\u201d wird die Verbindung der Seele mit ihrem g\u00f6ttlichen Ursprung durch den inneren Klang, Shabd genannt, neu belebt. Shabd Yoga ist eine Form der Meditation, die dir erm\u00f6glicht, eine direkte Verbindung zu deinem &#8211; tats\u00e4chlich seh- bzw. [&hellip;]<\/p>\n","protected":false},"author":1,"featured_media":0,"parent":0,"menu_order":0,"comment_status":"closed","ping_status":"closed","template":"","meta":{"footnotes":""},"class_list":["post-60","page","type-page","status-publish","hentry"],"yoast_head":"<!-- This site is optimized with the Yoast SEO plugin v27.4 - https:\/\/yoast.com\/product\/yoast-seo-wordpress\/ -->\n<title>Shabd Yoga - shabdyoga.eu<\/title>\n<meta name=\"robots\" content=\"index, follow, max-snippet:-1, max-image-preview:large, max-video-preview:-1\" \/>\n<link rel=\"canonical\" href=\"https:\/\/shabdyoga.eu\/hu\/\" \/>\n<meta property=\"og:locale\" content=\"hu_HU\" \/>\n<meta property=\"og:type\" content=\"article\" \/>\n<meta property=\"og:title\" content=\"Shabd Yoga - shabdyoga.eu\" \/>\n<meta property=\"og:description\" content=\"Shabd Yoga Die Meditation auf das Innere Licht und den inneren Klang \u2013 Sant Khem Singh Durch \u201cShabd Yoga\u201d wird die Verbindung der Seele mit ihrem g\u00f6ttlichen Ursprung durch den inneren Klang, Shabd genannt, neu belebt. Shabd Yoga ist eine Form der Meditation, die dir erm\u00f6glicht, eine direkte Verbindung zu deinem &#8211; tats\u00e4chlich seh- bzw. [&hellip;]\" \/>\n<meta property=\"og:url\" content=\"https:\/\/shabdyoga.eu\/hu\/\" \/>\n<meta property=\"og:site_name\" content=\"shabdyoga.eu\" \/>\n<meta property=\"article:modified_time\" content=\"2026-01-23T12:21:38+00:00\" \/>\n<meta name=\"twitter:card\" content=\"summary_large_image\" \/>\n<meta name=\"twitter:label1\" content=\"Becs\u00fclt olvas\u00e1si id\u0151\" \/>\n\t<meta name=\"twitter:data1\" content=\"2 perc\" \/>\n<script type=\"application\/ld+json\" class=\"yoast-schema-graph\">{\"@context\":\"https:\\\/\\\/schema.org\",\"@graph\":[{\"@type\":\"WebPage\",\"@id\":\"https:\\\/\\\/shabdyoga.eu\\\/\",\"url\":\"https:\\\/\\\/shabdyoga.eu\\\/\",\"name\":\"Shabd Yoga - shabdyoga.eu\",\"isPartOf\":{\"@id\":\"https:\\\/\\\/shabdyoga.eu\\\/#website\"},\"datePublished\":\"2025-03-21T15:05:53+00:00\",\"dateModified\":\"2026-01-23T12:21:38+00:00\",\"breadcrumb\":{\"@id\":\"https:\\\/\\\/shabdyoga.eu\\\/#breadcrumb\"},\"inLanguage\":\"hu\",\"potentialAction\":[{\"@type\":\"ReadAction\",\"target\":[\"https:\\\/\\\/shabdyoga.eu\\\/\"]}]},{\"@type\":\"BreadcrumbList\",\"@id\":\"https:\\\/\\\/shabdyoga.eu\\\/#breadcrumb\",\"itemListElement\":[{\"@type\":\"ListItem\",\"position\":1,\"name\":\"Home\",\"item\":\"https:\\\/\\\/shabdyoga.eu\\\/\"},{\"@type\":\"ListItem\",\"position\":2,\"name\":\"Shabd Yoga\"}]},{\"@type\":\"WebSite\",\"@id\":\"https:\\\/\\\/shabdyoga.eu\\\/#website\",\"url\":\"https:\\\/\\\/shabdyoga.eu\\\/\",\"name\":\"shabdyoga.eu\",\"description\":\"Shabd Yoga is an ancient meditation practice for finding inner peace &amp; connecting to your true self\",\"publisher\":{\"@id\":\"https:\\\/\\\/shabdyoga.eu\\\/#organization\"},\"potentialAction\":[{\"@type\":\"SearchAction\",\"target\":{\"@type\":\"EntryPoint\",\"urlTemplate\":\"https:\\\/\\\/shabdyoga.eu\\\/?s={search_term_string}\"},\"query-input\":{\"@type\":\"PropertyValueSpecification\",\"valueRequired\":true,\"valueName\":\"search_term_string\"}}],\"inLanguage\":\"hu\"},{\"@type\":\"Organization\",\"@id\":\"https:\\\/\\\/shabdyoga.eu\\\/#organization\",\"name\":\"shabdyoga.eu\",\"url\":\"https:\\\/\\\/shabdyoga.eu\\\/\",\"logo\":{\"@type\":\"ImageObject\",\"inLanguage\":\"hu\",\"@id\":\"https:\\\/\\\/shabdyoga.eu\\\/#\\\/schema\\\/logo\\\/image\\\/\",\"url\":\"https:\\\/\\\/shabdyoga.eu\\\/wp-content\\\/uploads\\\/2025\\\/03\\\/web_LOGO-for-white-background_transparency.png\",\"contentUrl\":\"https:\\\/\\\/shabdyoga.eu\\\/wp-content\\\/uploads\\\/2025\\\/03\\\/web_LOGO-for-white-background_transparency.png\",\"width\":3715,\"height\":980,\"caption\":\"shabdyoga.eu\"},\"image\":{\"@id\":\"https:\\\/\\\/shabdyoga.eu\\\/#\\\/schema\\\/logo\\\/image\\\/\"}}]}<\/script>\n<!-- \/ Yoast SEO plugin. -->","yoast_head_json":{"title":"Shabd Yoga - shabdyoga.eu","robots":{"index":"index","follow":"follow","max-snippet":"max-snippet:-1","max-image-preview":"max-image-preview:large","max-video-preview":"max-video-preview:-1"},"canonical":"https:\/\/shabdyoga.eu\/hu\/","og_locale":"hu_HU","og_type":"article","og_title":"Shabd Yoga - shabdyoga.eu","og_description":"Shabd Yoga Die Meditation auf das Innere Licht und den inneren Klang \u2013 Sant Khem Singh Durch \u201cShabd Yoga\u201d wird die Verbindung der Seele mit ihrem g\u00f6ttlichen Ursprung durch den inneren Klang, Shabd genannt, neu belebt. Shabd Yoga ist eine Form der Meditation, die dir erm\u00f6glicht, eine direkte Verbindung zu deinem &#8211; tats\u00e4chlich seh- bzw. [&hellip;]","og_url":"https:\/\/shabdyoga.eu\/hu\/","og_site_name":"shabdyoga.eu","article_modified_time":"2026-01-23T12:21:38+00:00","twitter_card":"summary_large_image","twitter_misc":{"Becs\u00fclt olvas\u00e1si id\u0151":"2 perc"},"schema":{"@context":"https:\/\/schema.org","@graph":[{"@type":"WebPage","@id":"https:\/\/shabdyoga.eu\/","url":"https:\/\/shabdyoga.eu\/","name":"Shabd Yoga - shabdyoga.eu","isPartOf":{"@id":"https:\/\/shabdyoga.eu\/#website"},"datePublished":"2025-03-21T15:05:53+00:00","dateModified":"2026-01-23T12:21:38+00:00","breadcrumb":{"@id":"https:\/\/shabdyoga.eu\/#breadcrumb"},"inLanguage":"hu","potentialAction":[{"@type":"ReadAction","target":["https:\/\/shabdyoga.eu\/"]}]},{"@type":"BreadcrumbList","@id":"https:\/\/shabdyoga.eu\/#breadcrumb","itemListElement":[{"@type":"ListItem","position":1,"name":"Home","item":"https:\/\/shabdyoga.eu\/"},{"@type":"ListItem","position":2,"name":"Shabd Yoga"}]},{"@type":"WebSite","@id":"https:\/\/shabdyoga.eu\/#website","url":"https:\/\/shabdyoga.eu\/","name":"shabdyoga.eu","description":"A Shabd J\u00f3ga egy \u0151si medit\u00e1ci\u00f3s gyakorlat, amely k\u00f6zvetlen kapcsolatot teremt a bels\u0151 f\u00e9nyeddel \u00e9s hangoddal (amit Shabd-nak neveznek).","publisher":{"@id":"https:\/\/shabdyoga.eu\/#organization"},"potentialAction":[{"@type":"SearchAction","target":{"@type":"EntryPoint","urlTemplate":"https:\/\/shabdyoga.eu\/?s={search_term_string}"},"query-input":{"@type":"PropertyValueSpecification","valueRequired":true,"valueName":"search_term_string"}}],"inLanguage":"hu"},{"@type":"Organization","@id":"https:\/\/shabdyoga.eu\/#organization","name":"shabdyoga.eu","url":"https:\/\/shabdyoga.eu\/","logo":{"@type":"ImageObject","inLanguage":"hu","@id":"https:\/\/shabdyoga.eu\/#\/schema\/logo\/image\/","url":"https:\/\/shabdyoga.eu\/wp-content\/uploads\/2025\/03\/web_LOGO-for-white-background_transparency.png","contentUrl":"https:\/\/shabdyoga.eu\/wp-content\/uploads\/2025\/03\/web_LOGO-for-white-background_transparency.png","width":3715,"height":980,"caption":"shabdyoga.eu"},"image":{"@id":"https:\/\/shabdyoga.eu\/#\/schema\/logo\/image\/"}}]}},"_links":{"self":[{"href":"https:\/\/shabdyoga.eu\/hu\/wp-json\/wp\/v2\/pages\/60","targetHints":{"allow":["GET"]}}],"collection":[{"href":"https:\/\/shabdyoga.eu\/hu\/wp-json\/wp\/v2\/pages"}],"about":[{"href":"https:\/\/shabdyoga.eu\/hu\/wp-json\/wp\/v2\/types\/page"}],"author":[{"embeddable":true,"href":"https:\/\/shabdyoga.eu\/hu\/wp-json\/wp\/v2\/users\/1"}],"replies":[{"embeddable":true,"href":"https:\/\/shabdyoga.eu\/hu\/wp-json\/wp\/v2\/comments?post=60"}],"version-history":[{"count":171,"href":"https:\/\/shabdyoga.eu\/hu\/wp-json\/wp\/v2\/pages\/60\/revisions"}],"predecessor-version":[{"id":698,"href":"https:\/\/shabdyoga.eu\/hu\/wp-json\/wp\/v2\/pages\/60\/revisions\/698"}],"wp:attachment":[{"href":"https:\/\/shabdyoga.eu\/hu\/wp-json\/wp\/v2\/media?parent=60"}],"curies":[{"name":"wp","href":"https:\/\/api.w.org\/{rel}","templated":true}]}}